{"id":366,"date":"2021-03-13T11:08:43","date_gmt":"2021-03-13T10:08:43","guid":{"rendered":"https:\/\/www.re-aves.com\/datenschutzerklaerung\/"},"modified":"2024-04-18T14:16:12","modified_gmt":"2024-04-18T12:16:12","slug":"datenschutzerklaerung","status":"publish","type":"page","link":"https:\/\/www.re-aves.com\/de\/datenschutzerklaerung\/","title":{"rendered":"Datenschutzerkl\u00e4rung"},"content":{"rendered":"\r\n<p>RE-AVES BV mit Sitz in Schotense Loop 6, 5708 HX, Helmond, ist f\u00fcr die Verarbeitung personenbezogener Daten gem\u00e4\u00df dieser Datenschutzerkl\u00e4rung verantwortlich.<\/p>\r\n<p>Kontaktdetails:<br \/>www.re-aves.com<br \/>+31 (0)492 700251<\/p>\r\n<p><strong>Personenbezogene Daten, die wir verarbeiten<\/strong><br \/>RE-AVES BV verarbeitet nur personenbezogene Daten, die Sie \u00fcber das Online-Kontaktformular angeben. Diese Daten werden ausschlie\u00dflich f\u00fcr die Kontaktaufnahme mit Ihnen verwendet.<\/p>\r\n<p><strong>Besondere und\/oder sensible personenbezogene Daten, die wir verarbeiten<\/strong><br \/>Unsere Website und\/oder unser Dienst beabsichtigen nicht, Daten \u00fcber Website-Besucher zu sammeln, die j\u00fcnger als 16 Jahre sind. Es sei denn, sie haben die Erlaubnis der Eltern oder Erziehungsberechtigten. Wir k\u00f6nnen jedoch nicht \u00fcberpr\u00fcfen, ob ein Besucher \u00e4lter als 16 Jahre ist. Wir empfehlen daher, dass Eltern in die Online-Aktivit\u00e4ten ihrer Kinder einbezogen werden, um zu verhindern, dass Daten \u00fcber Kinder ohne Zustimmung der Eltern erfasst werden. Wenn Sie davon \u00fcberzeugt sind, dass wir ohne diese Einwilligung personenbezogene Daten eines Minderj\u00e4hrigen gesammelt haben, kontaktieren Sie uns bitte unter info@re-aves.com und wir werden diese Daten l\u00f6schen.<\/p>\r\n<p><strong>Zu welchem \u200b\u200bZweck und auf welcher Grundlage verarbeiten wir personenbezogene Daten?<\/strong><br \/>RE-AVES BV verarbeitet Ihre personenbezogenen Daten f\u00fcr folgende Zwecke:<br \/>\u2013 Um Sie anrufen oder Ihnen eine E-Mail senden zu k\u00f6nnen, wenn dies f\u00fcr die Erbringung unserer Dienstleistungen erforderlich ist<\/p>\r\n<p><strong>Automatisierte Entscheidungsfindung<\/strong><br \/>RE-AVES BV trifft #Verantwortungsentscheidungen auf der Grundlage einer automatisierten Verarbeitung von Angelegenheiten, die (erhebliche) Folgen f\u00fcr Menschen haben k\u00f6nnten. Hierbei handelt es sich um Entscheidungen, die von Computerprogrammen oder -systemen getroffen werden, ohne dass ein Mensch beteiligt ist (z. B. ein Mitarbeiter von RE-AVES BV). RE-AVES BV verwendet die folgenden Computerprogramme oder -systeme: #use_explanation<\/p>\r\n<p><strong>Wie lange wir personenbezogene Daten aufbewahren<\/strong><br \/>RE-AVES BV speichert Ihre personenbezogenen Daten nicht l\u00e4nger als unbedingt erforderlich, um die Zwecke zu erreichen, f\u00fcr die Ihre Daten erhoben werden.<\/p>\r\n<p><strong>Weitergabe personenbezogener Daten an Dritte<\/strong><br \/>RE-AVES BV gibt Daten nur an Dritte weiter und nur dann, wenn dies f\u00fcr die Ausf\u00fchrung unseres Vertrags mit Ihnen oder zur Einhaltung einer gesetzlichen Verpflichtung erforderlich ist.<\/p>\r\n<p><strong>Cookies oder \u00e4hnliche Techniken, die wir verwenden<\/strong><br \/>RE-AVES BV verwendet ausschlie\u00dflich technische und funktionale Cookies. Und analytische Cookies, die Ihre Privatsph\u00e4re nicht verletzen. Ein Cookie ist eine kleine Textdatei, die beim ersten Besuch dieser Website auf Ihrem Computer, Tablet oder Smartphone gespeichert wird. Die von uns verwendeten Cookies sind f\u00fcr den technischen Betrieb der Website und Ihre Benutzerfreundlichkeit erforderlich. Sie stellen sicher, dass die Website ordnungsgem\u00e4\u00df funktioniert, und merken sich beispielsweise Ihre Pr\u00e4ferenzeinstellungen. Auch unsere Website k\u00f6nnen wir damit optimieren. Sie k\u00f6nnen sich von Cookies abmelden, indem Sie Ihren Internetbrowser so einstellen, dass er keine Cookies mehr speichert. Dar\u00fcber hinaus k\u00f6nnen Sie \u00fcber die Einstellungen Ihres Browsers auch alle zuvor gespeicherten Informationen l\u00f6schen.<\/p>\r\n<p><strong>Daten einsehen, anpassen oder l\u00f6schen<\/strong><br \/>Sie haben das Recht, Ihre personenbezogenen Daten einzusehen, zu korrigieren oder zu l\u00f6schen. Dar\u00fcber hinaus haben Sie das Recht, Ihre Einwilligung zur Datenverarbeitung zu widerrufen oder der Verarbeitung Ihrer personenbezogenen Daten durch RE-AVES BV zu widersprechen, und Sie haben das Recht auf Daten\u00fcbertragbarkeit. Das bedeutet, dass Sie bei uns einen Antrag stellen k\u00f6nnen, die personenbezogenen Daten, die wir \u00fcber Sie haben, in einer Computerdatei an Sie oder eine andere von Ihnen genannte Organisation zu senden. Sie k\u00f6nnen einen Antrag auf Zugriff, Berichtigung, L\u00f6schung, Daten\u00fcbertragung Ihrer personenbezogenen Daten oder einen Antrag auf Widerruf Ihrer Einwilligung oder Widerspruch gegen die Verarbeitung Ihrer personenbezogenen Daten an info@re-aves.com senden. Um sicherzustellen, dass die Zugangsanfrage von Ihnen stammt, bitten wir Sie, der Anfrage eine Kopie Ihres Identit\u00e4tsnachweises beizuf\u00fcgen. Machen Sie in dieser Kopie Ihr Passfoto, die MRZ (maschinenlesbare Zone, der Streifen mit den Zahlen am unteren Rand des Passes), die Passnummer und die B\u00fcrgerservicenummer (BSN) schwarz. Dies dient dem Schutz Ihrer Privatsph\u00e4re. Wir werden Ihre Anfrage schnellstm\u00f6glich, jedoch innerhalb von vier Wochen, beantworten. RE-AVES BV weist au\u00dferdem darauf hin, dass Sie die M\u00f6glichkeit haben, eine Beschwerde bei der nationalen Aufsichtsbeh\u00f6rde, der niederl\u00e4ndischen Datenschutzbeh\u00f6rde, einzureichen. Dies kann \u00fcber den folgenden Link erfolgen: https:\/\/autoriteitpersoonsgegevens.nl\/nl\/contact-met-de-autoriteit-persoonsgegevens\/tip-ons<\/p>\r\n<p><strong>Wie wir personenbezogene Daten sch\u00fctzen<\/strong><br \/>RE-AVES BV nimmt den Schutz Ihrer Daten ernst und ergreift geeignete Ma\u00dfnahmen, um Missbrauch, Verlust, unbefugten Zugriff, unerw\u00fcnschte Offenlegung und unbefugte \u00c4nderung zu verhindern. Sollten Sie den Eindruck haben, dass Ihre Daten nicht ausreichend gesichert sind oder Anhaltspunkte f\u00fcr einen Missbrauch vorliegen, wenden Sie sich bitte an unseren Kundenservice oder \u00fcber info@re-aves.com<\/p>\r\n","protected":false},"excerpt":{"rendered":"<p>RE-AVES BV mit Sitz in Schotense Loop 6, 5708 HX, Helmond, ist f\u00fcr die Verarbeitung personenbezogener Daten gem\u00e4\u00df dieser Datenschutzerkl\u00e4rung verantwortlich. Kontaktdetails:www.re-aves.com+31 (0)492 700251 Personenbezogene Daten, die wir verarbeitenRE-AVES BV verarbeitet nur personenbezogene Daten, die Sie \u00fcber das Online-Kontaktformular angeben. Diese Daten werden ausschlie\u00dflich f\u00fcr die Kontaktaufnahme mit Ihnen verwendet. Besondere und\/oder sensible personenbezogene Daten, [&hellip;]<\/p>\n","protected":false},"author":2,"featured_media":0,"parent":0,"menu_order":0,"comment_status":"closed","ping_status":"closed","template":"template-clean.php","meta":{"_acf_changed":false,"footnotes":""},"class_list":["post-366","page","type-page","status-publish","hentry"],"acf":[],"yoast_head":"<!-- This site is optimized with the Yoast SEO plugin v27.1.1 - https:\/\/yoast.com\/product\/yoast-seo-wordpress\/ -->\n<title>Datenschutzerkl\u00e4rung - RE-AVES B.V.<\/title>\n<meta name=\"robots\" content=\"index, follow, max-snippet:-1, max-image-preview:large, max-video-preview:-1\" \/>\n<link rel=\"canonical\" href=\"https:\/\/www.re-aves.com\/de\/datenschutzerklaerung\/\" \/>\n<meta property=\"og:locale\" content=\"de_DE\" \/>\n<meta property=\"og:type\" content=\"article\" \/>\n<meta property=\"og:title\" content=\"Datenschutzerkl\u00e4rung - RE-AVES B.V.\" \/>\n<meta property=\"og:description\" content=\"RE-AVES BV mit Sitz in Schotense Loop 6, 5708 HX, Helmond, ist f\u00fcr die Verarbeitung personenbezogener Daten gem\u00e4\u00df dieser Datenschutzerkl\u00e4rung verantwortlich. Kontaktdetails:www.re-aves.com+31 (0)492 700251 Personenbezogene Daten, die wir verarbeitenRE-AVES BV verarbeitet nur personenbezogene Daten, die Sie \u00fcber das Online-Kontaktformular angeben. Diese Daten werden ausschlie\u00dflich f\u00fcr die Kontaktaufnahme mit Ihnen verwendet. Besondere und\/oder sensible personenbezogene Daten, [&hellip;]\" \/>\n<meta property=\"og:url\" content=\"https:\/\/www.re-aves.com\/de\/datenschutzerklaerung\/\" \/>\n<meta property=\"og:site_name\" content=\"RE-AVES B.V.\" \/>\n<meta property=\"article:modified_time\" content=\"2024-04-18T12:16:12+00:00\" \/>\n<meta name=\"twitter:card\" content=\"summary_large_image\" \/>\n<meta name=\"twitter:label1\" content=\"Gesch\u00e4tzte Lesezeit\" \/>\n\t<meta name=\"twitter:data1\" content=\"4\u00a0Minuten\" \/>\n<!-- \/ Yoast SEO plugin. -->","yoast_head_json":{"title":"Datenschutzerkl\u00e4rung - RE-AVES B.V.","robots":{"index":"index","follow":"follow","max-snippet":"max-snippet:-1","max-image-preview":"max-image-preview:large","max-video-preview":"max-video-preview:-1"},"canonical":"https:\/\/www.re-aves.com\/de\/datenschutzerklaerung\/","og_locale":"de_DE","og_type":"article","og_title":"Datenschutzerkl\u00e4rung - RE-AVES B.V.","og_description":"RE-AVES BV mit Sitz in Schotense Loop 6, 5708 HX, Helmond, ist f\u00fcr die Verarbeitung personenbezogener Daten gem\u00e4\u00df dieser Datenschutzerkl\u00e4rung verantwortlich. Kontaktdetails:www.re-aves.com+31 (0)492 700251 Personenbezogene Daten, die wir verarbeitenRE-AVES BV verarbeitet nur personenbezogene Daten, die Sie \u00fcber das Online-Kontaktformular angeben. Diese Daten werden ausschlie\u00dflich f\u00fcr die Kontaktaufnahme mit Ihnen verwendet. Besondere und\/oder sensible personenbezogene Daten, [&hellip;]","og_url":"https:\/\/www.re-aves.com\/de\/datenschutzerklaerung\/","og_site_name":"RE-AVES B.V.","article_modified_time":"2024-04-18T12:16:12+00:00","twitter_card":"summary_large_image","twitter_misc":{"Gesch\u00e4tzte Lesezeit":"4\u00a0Minuten"},"schema":{"@context":"https:\/\/schema.org","@graph":[{"@type":"WebPage","@id":"https:\/\/www.re-aves.com\/de\/datenschutzerklaerung\/","url":"https:\/\/www.re-aves.com\/de\/datenschutzerklaerung\/","name":"Datenschutzerkl\u00e4rung - RE-AVES B.V.","isPartOf":{"@id":"https:\/\/www.re-aves.com\/de\/#website"},"datePublished":"2021-03-13T10:08:43+00:00","dateModified":"2024-04-18T12:16:12+00:00","inLanguage":"de","potentialAction":[{"@type":"ReadAction","target":["https:\/\/www.re-aves.com\/de\/datenschutzerklaerung\/"]}]},{"@type":"WebSite","@id":"https:\/\/www.re-aves.com\/de\/#website","url":"https:\/\/www.re-aves.com\/de\/","name":"RE-AVES B.V.","description":"RE-AVES B.V.","potentialAction":[{"@type":"SearchAction","target":{"@type":"EntryPoint","urlTemplate":"https:\/\/www.re-aves.com\/de\/?s={search_term_string}"},"query-input":{"@type":"PropertyValueSpecification","valueRequired":true,"valueName":"search_term_string"}}],"inLanguage":"de"}]}},"_links":{"self":[{"href":"https:\/\/www.re-aves.com\/de\/wp-json\/wp\/v2\/pages\/366","targetHints":{"allow":["GET"]}}],"collection":[{"href":"https:\/\/www.re-aves.com\/de\/wp-json\/wp\/v2\/pages"}],"about":[{"href":"https:\/\/www.re-aves.com\/de\/wp-json\/wp\/v2\/types\/page"}],"author":[{"embeddable":true,"href":"https:\/\/www.re-aves.com\/de\/wp-json\/wp\/v2\/users\/2"}],"replies":[{"embeddable":true,"href":"https:\/\/www.re-aves.com\/de\/wp-json\/wp\/v2\/comments?post=366"}],"version-history":[{"count":2,"href":"https:\/\/www.re-aves.com\/de\/wp-json\/wp\/v2\/pages\/366\/revisions"}],"predecessor-version":[{"id":668,"href":"https:\/\/www.re-aves.com\/de\/wp-json\/wp\/v2\/pages\/366\/revisions\/668"}],"wp:attachment":[{"href":"https:\/\/www.re-aves.com\/de\/wp-json\/wp\/v2\/media?parent=366"}],"curies":[{"name":"wp","href":"https:\/\/api.w.org\/{rel}","templated":true}]}}